    {"id":14,"date":"2023-08-30T15:39:33","date_gmt":"2023-08-30T15:39:33","guid":{"rendered":"https:\/\/innovation4world.com\/?page_id=14"},"modified":"2024-10-09T20:56:34","modified_gmt":"2024-10-09T20:56:34","slug":"nosotros","status":"publish","type":"page","link":"https:\/\/innovation4world.com\/pt\/nosotros\/","title":{"rendered":"N\u00f3s"},"content":{"rendered":"<p>Na Innovation 4 World, somos apaixonados pelo poder transformador da tecnologia e pelos profundos benef\u00edcios que ela traz tanto pessoal quanto profissionalmente. Nossa plataforma \u00e9 o lugar perfeito para descobrir aplicativos e sites interessantes e \u00fateis, projetados para todos os entusiastas de tecnologia e formadores de opini\u00e3o em todo o mundo.<\/p>\n<p><strong>Aplica\u00e7\u00f5es inovadoras para aumentar a produtividade<\/strong><\/p>\n<p>Embarque em uma jornada de capacita\u00e7\u00e3o tecnol\u00f3gica com nossa cobertura abrangente de aplicativos inovadores. Conhe\u00e7a ferramentas que simplificam seu fluxo de trabalho, aumentam sua produtividade e facilitam sua vida profissional. Nosso conte\u00fado cuidadosamente selecionado oferece ideias, dicas e recomenda\u00e7\u00f5es pr\u00e1ticas para ajud\u00e1-lo a aproveitar ao m\u00e1ximo as tecnologias mais recentes.<\/p>\n<p><strong>Tend\u00eancias e not\u00edcias tecnol\u00f3gicas<\/strong><\/p>\n<p>Mantenha-se atualizado com as \u00faltimas tend\u00eancias em tecnologia, pois a Innovation 4 World traz not\u00edcias oportunas e precisas do mundo da tecnologia. Quer se trate de avan\u00e7os de software, hardware ou qualquer novidade relacionada \u00e0 tecnologia, garantimos que voc\u00ea seja o primeiro a saber, ajudando voc\u00ea a permanecer relevante em um ambiente digital em r\u00e1pida evolu\u00e7\u00e3o.<\/p>\n<p><strong>Guias e tutoriais para entusiastas de tecnologia<\/strong><\/p>\n<p>De iniciantes a t\u00e9cnicos, nossos guias e tutoriais s\u00e3o projetados para melhorar sua compreens\u00e3o e uso das tecnologias mais recentes. Mergulhe em artigos detalhados para ajud\u00e1-lo a navegar por novos aplicativos, recursos e gadgets, aumentando sua produtividade e conhecimento tecnol\u00f3gico.<\/p>\n<p>Na Innovation 4 World, estamos empenhados em criar uma comunidade informada onde pessoas de todas as esferas da vida possam partilhar experi\u00eancias, aprender sobre novas ferramentas tecnol\u00f3gicas e crescer na sua compreens\u00e3o e aplica\u00e7\u00e3o de tecnologias modernas. Nossa paix\u00e3o \u00e9 capacitar as pessoas para que aproveitem ao m\u00e1ximo os avan\u00e7os digitais e melhorem suas vidas e seu trabalho.<\/p>\n<p><strong>Contate-nos<\/strong><\/p>\n<p>Valorizamos seus coment\u00e1rios e perguntas. N\u00e3o hesite em contactar-nos em <a rel=\"noopener\">contact@innovation4world.com<\/a> para qualquer d\u00favida ou assist\u00eancia.<\/p>\n<p>Junte-se a n\u00f3s na Innovation 4 World, onde a inova\u00e7\u00e3o encontra a aplica\u00e7\u00e3o pr\u00e1tica e a tecnologia \u00e9 usada para melhorar e enriquecer a sua vida profissional e pessoal. Juntos, vamos abra\u00e7ar o futuro e aproveitar ao m\u00e1ximo as oportunidades que ele traz. Bem-vindo \u00e0 nossa comunidade!<\/p>","protected":false},"excerpt":{"rendered":"<p>En Innovation 4 World, nos apasiona el poder transformador de la tecnolog\u00eda y los beneficios profundos que trae tanto en lo personal como en lo profesional. Nuestra plataforma es el lugar perfecto para descubrir aplicaciones y sitios web interesantes y \u00fatiles, dise\u00f1ados para todos los entusiastas de la tecnolog\u00eda y los que marcan tendencia en [&hellip;]<\/p>","protected":false},"author":76,"featured_media":373,"parent":0,"menu_order":0,"comment_status":"closed","ping_status":"closed","template":"page-nosidebar.php","meta":{"footnotes":""},"yoast_head":"<!-- This site is optimized with the Yoast SEO Premium plugin v18.7 (Yoast SEO v23.3) - https:\/\/yoast.com\/wordpress\/plugins\/seo\/ -->\n<title>Nosotros - innovation4world<\/title>\n<meta name=\"robots\" content=\"index, follow, max-snippet:-1, max-image-preview:large, max-video-preview:-1\" \/>\n<link rel=\"canonical\" href=\"https:\/\/innovation4world.com\/pt\/nosotros\/\" \/>\n<meta property=\"og:locale\" content=\"pt_BR\" \/>\n<meta property=\"og:type\" content=\"article\" \/>\n<meta property=\"og:title\" content=\"Nosotros\" \/>\n<meta property=\"og:description\" content=\"En Innovation 4 World, nos apasiona el poder transformador de la tecnolog\u00eda y los beneficios profundos que trae tanto en lo personal como en lo profesional. Nuestra plataforma es el lugar perfecto para descubrir aplicaciones y sitios web interesantes y \u00fatiles, dise\u00f1ados para todos los entusiastas de la tecnolog\u00eda y los que marcan tendencia en [&hellip;]\" \/>\n<meta property=\"og:url\" content=\"https:\/\/innovation4world.com\/pt\/nosotros\/\" \/>\n<meta property=\"og:site_name\" content=\"innovation4world\" \/>\n<meta property=\"article:modified_time\" content=\"2024-10-09T20:56:34+00:00\" \/>\n<meta property=\"og:image\" content=\"https:\/\/innovation4world.com\/wp-content\/uploads\/sites\/76\/2023\/09\/About-Us.png\" \/>\n\t<meta property=\"og:image:width\" content=\"1280\" \/>\n\t<meta property=\"og:image:height\" content=\"720\" \/>\n\t<meta property=\"og:image:type\" content=\"image\/png\" \/>\n<meta name=\"twitter:card\" content=\"summary_large_image\" \/>\n<meta name=\"twitter:label1\" content=\"Est. reading time\" \/>\n\t<meta name=\"twitter:data1\" content=\"2 minutos\" \/>\n<script type=\"application\/ld+json\" class=\"yoast-schema-graph\">{\"@context\":\"https:\/\/schema.org\",\"@graph\":[{\"@type\":\"WebPage\",\"@id\":\"https:\/\/innovation4world.com\/pt\/nosotros\/\",\"url\":\"https:\/\/innovation4world.com\/pt\/nosotros\/\",\"name\":\"Nosotros - innovation4world\",\"isPartOf\":{\"@id\":\"https:\/\/innovation4world.com\/#website\"},\"primaryImageOfPage\":{\"@id\":\"https:\/\/innovation4world.com\/pt\/nosotros\/#primaryimage\"},\"image\":{\"@id\":\"https:\/\/innovation4world.com\/pt\/nosotros\/#primaryimage\"},\"thumbnailUrl\":\"https:\/\/innovation4world.com\/wp-content\/uploads\/sites\/76\/2023\/09\/About-Us.png\",\"datePublished\":\"2023-08-30T15:39:33+00:00\",\"dateModified\":\"2024-10-09T20:56:34+00:00\",\"breadcrumb\":{\"@id\":\"https:\/\/innovation4world.com\/pt\/nosotros\/#breadcrumb\"},\"inLanguage\":\"pt-BR\",\"potentialAction\":[{\"@type\":\"ReadAction\",\"target\":[\"https:\/\/innovation4world.com\/pt\/nosotros\/\"]}]},{\"@type\":\"ImageObject\",\"inLanguage\":\"pt-BR\",\"@id\":\"https:\/\/innovation4world.com\/pt\/nosotros\/#primaryimage\",\"url\":\"https:\/\/innovation4world.com\/wp-content\/uploads\/sites\/76\/2023\/09\/About-Us.png\",\"contentUrl\":\"https:\/\/innovation4world.com\/wp-content\/uploads\/sites\/76\/2023\/09\/About-Us.png\",\"width\":1280,\"height\":720,\"caption\":\"About Us\"},{\"@type\":\"BreadcrumbList\",\"@id\":\"https:\/\/innovation4world.com\/pt\/nosotros\/#breadcrumb\",\"itemListElement\":[{\"@type\":\"ListItem\",\"position\":1,\"name\":\"Home\",\"item\":\"https:\/\/innovation4world.com\/\"},{\"@type\":\"ListItem\",\"position\":2,\"name\":\"Nosotros\"}]},{\"@type\":\"WebSite\",\"@id\":\"https:\/\/innovation4world.com\/#website\",\"url\":\"https:\/\/innovation4world.com\/\",\"name\":\"innovation4world\",\"description\":\"\",\"publisher\":{\"@id\":\"https:\/\/innovation4world.com\/#organization\"},\"potentialAction\":[{\"@type\":\"SearchAction\",\"target\":{\"@type\":\"EntryPoint\",\"urlTemplate\":\"https:\/\/innovation4world.com\/?s={search_term_string}\"},\"query-input\":\"required name=search_term_string\"}],\"inLanguage\":\"pt-BR\"},{\"@type\":\"Organization\",\"@id\":\"https:\/\/innovation4world.com\/#organization\",\"name\":\"innovation4world\",\"url\":\"https:\/\/innovation4world.com\/\",\"logo\":{\"@type\":\"ImageObject\",\"inLanguage\":\"pt-BR\",\"@id\":\"https:\/\/innovation4world.com\/#\/schema\/logo\/image\/\",\"url\":\"https:\/\/innovation4world.com\/wp-content\/uploads\/sites\/76\/2024\/05\/cropped-cropped-4-word-1.png\",\"contentUrl\":\"https:\/\/innovation4world.com\/wp-content\/uploads\/sites\/76\/2024\/05\/cropped-cropped-4-word-1.png\",\"width\":412,\"height\":417,\"caption\":\"innovation4world\"},\"image\":{\"@id\":\"https:\/\/innovation4world.com\/#\/schema\/logo\/image\/\"}}]}<\/script>\n<!-- \/ Yoast SEO Premium plugin. -->","yoast_head_json":{"title":"Nosotros - innovation4world","robots":{"index":"index","follow":"follow","max-snippet":"max-snippet:-1","max-image-preview":"max-image-preview:large","max-video-preview":"max-video-preview:-1"},"canonical":"https:\/\/innovation4world.com\/pt\/nosotros\/","og_locale":"pt_BR","og_type":"article","og_title":"Nosotros","og_description":"En Innovation 4 World, nos apasiona el poder transformador de la tecnolog\u00eda y los beneficios profundos que trae tanto en lo personal como en lo profesional. Nuestra plataforma es el lugar perfecto para descubrir aplicaciones y sitios web interesantes y \u00fatiles, dise\u00f1ados para todos los entusiastas de la tecnolog\u00eda y los que marcan tendencia en [&hellip;]","og_url":"https:\/\/innovation4world.com\/pt\/nosotros\/","og_site_name":"innovation4world","article_modified_time":"2024-10-09T20:56:34+00:00","og_image":[{"width":1280,"height":720,"url":"https:\/\/innovation4world.com\/wp-content\/uploads\/sites\/76\/2023\/09\/About-Us.png","type":"image\/png"}],"twitter_card":"summary_large_image","twitter_misc":{"Est. reading time":"2 minutos"},"schema":{"@context":"https:\/\/schema.org","@graph":[{"@type":"WebPage","@id":"https:\/\/innovation4world.com\/pt\/nosotros\/","url":"https:\/\/innovation4world.com\/pt\/nosotros\/","name":"Nosotros - innovation4world","isPartOf":{"@id":"https:\/\/innovation4world.com\/#website"},"primaryImageOfPage":{"@id":"https:\/\/innovation4world.com\/pt\/nosotros\/#primaryimage"},"image":{"@id":"https:\/\/innovation4world.com\/pt\/nosotros\/#primaryimage"},"thumbnailUrl":"https:\/\/innovation4world.com\/wp-content\/uploads\/sites\/76\/2023\/09\/About-Us.png","datePublished":"2023-08-30T15:39:33+00:00","dateModified":"2024-10-09T20:56:34+00:00","breadcrumb":{"@id":"https:\/\/innovation4world.com\/pt\/nosotros\/#breadcrumb"},"inLanguage":"pt-BR","potentialAction":[{"@type":"ReadAction","target":["https:\/\/innovation4world.com\/pt\/nosotros\/"]}]},{"@type":"ImageObject","inLanguage":"pt-BR","@id":"https:\/\/innovation4world.com\/pt\/nosotros\/#primaryimage","url":"https:\/\/innovation4world.com\/wp-content\/uploads\/sites\/76\/2023\/09\/About-Us.png","contentUrl":"https:\/\/innovation4world.com\/wp-content\/uploads\/sites\/76\/2023\/09\/About-Us.png","width":1280,"height":720,"caption":"About Us"},{"@type":"BreadcrumbList","@id":"https:\/\/innovation4world.com\/pt\/nosotros\/#breadcrumb","itemListElement":[{"@type":"ListItem","position":1,"name":"Home","item":"https:\/\/innovation4world.com\/"},{"@type":"ListItem","position":2,"name":"Nosotros"}]},{"@type":"WebSite","@id":"https:\/\/innovation4world.com\/#website","url":"https:\/\/innovation4world.com\/","name":"innovation4world","description":"","publisher":{"@id":"https:\/\/innovation4world.com\/#organization"},"potentialAction":[{"@type":"SearchAction","target":{"@type":"EntryPoint","urlTemplate":"https:\/\/innovation4world.com\/?s={search_term_string}"},"query-input":"required name=search_term_string"}],"inLanguage":"pt-BR"},{"@type":"Organization","@id":"https:\/\/innovation4world.com\/#organization","name":"innovation4world","url":"https:\/\/innovation4world.com\/","logo":{"@type":"ImageObject","inLanguage":"pt-BR","@id":"https:\/\/innovation4world.com\/#\/schema\/logo\/image\/","url":"https:\/\/innovation4world.com\/wp-content\/uploads\/sites\/76\/2024\/05\/cropped-cropped-4-word-1.png","contentUrl":"https:\/\/innovation4world.com\/wp-content\/uploads\/sites\/76\/2024\/05\/cropped-cropped-4-word-1.png","width":412,"height":417,"caption":"innovation4world"},"image":{"@id":"https:\/\/innovation4world.com\/#\/schema\/logo\/image\/"}}]}},"_links":{"self":[{"href":"https:\/\/innovation4world.com\/pt\/wp-json\/wp\/v2\/pages\/14"}],"collection":[{"href":"https:\/\/innovation4world.com\/pt\/wp-json\/wp\/v2\/pages"}],"about":[{"href":"https:\/\/innovation4world.com\/pt\/wp-json\/wp\/v2\/types\/page"}],"author":[{"embeddable":true,"href":"https:\/\/innovation4world.com\/pt\/wp-json\/wp\/v2\/users\/76"}],"replies":[{"embeddable":true,"href":"https:\/\/innovation4world.com\/pt\/wp-json\/wp\/v2\/comments?post=14"}],"version-history":[{"count":1,"href":"https:\/\/innovation4world.com\/pt\/wp-json\/wp\/v2\/pages\/14\/revisions"}],"predecessor-version":[{"id":12888,"href":"https:\/\/innovation4world.com\/pt\/wp-json\/wp\/v2\/pages\/14\/revisions\/12888"}],"wp:featuredmedia":[{"embeddable":true,"href":"https:\/\/innovation4world.com\/pt\/wp-json\/wp\/v2\/media\/373"}],"wp:attachment":[{"href":"https:\/\/innovation4world.com\/pt\/wp-json\/wp\/v2\/media?parent=14"}],"curies":[{"name":"wp","href":"https:\/\/api.w.org\/{rel}","templated":true}]}}