    {"id":364,"date":"2023-09-11T00:11:37","date_gmt":"2023-09-11T03:11:37","guid":{"rendered":"https:\/\/innovation4world.com\/?page_id=364"},"modified":"2026-02-11T16:28:33","modified_gmt":"2026-02-11T16:28:33","slug":"privacidad","status":"publish","type":"page","link":"http:\/\/innovation4world.com\/pt\/privacidad\/","title":{"rendered":"pol\u00edtica de Privacidade"},"content":{"rendered":"<p>Sua privacidade \u00e9 importante para n\u00f3s. \u00c9 nossa pol\u00edtica <strong>innovation4world<\/strong> respeitar sua privacidade em rela\u00e7\u00e3o a qualquer informa\u00e7\u00e3o que possamos coletar de voc\u00ea em nosso site, <strong>innovation4world<\/strong>, e outros sites que possu\u00edmos e operamos.<\/p>\n\n\n\n<p>Solicitamos informa\u00e7\u00f5es pessoais somente quando realmente precisamos delas para lhe prestar um servi\u00e7o. Coletamos essas informa\u00e7\u00f5es por meios justos e legais, com o seu conhecimento e consentimento. Tamb\u00e9m informamos por que as coletamos e como ser\u00e3o utilizadas.<\/p>\n\n\n\n<p>Retemos as informa\u00e7\u00f5es coletadas apenas pelo tempo necess\u00e1rio para fornecer o servi\u00e7o solicitado. Os dados que armazenamos s\u00e3o protegidos por meios comercialmente aceit\u00e1veis para evitar perda, roubo e acesso, divulga\u00e7\u00e3o, c\u00f3pia, uso ou modifica\u00e7\u00e3o n\u00e3o autorizados.<\/p>\n\n\n\n<p>N\u00e3o compartilhamos nenhuma informa\u00e7\u00e3o pessoalmente identific\u00e1vel publicamente ou com terceiros, exceto quando exigido por lei.<\/p>\n\n\n\n<p>Nosso site pode conter links para sites externos que n\u00e3o s\u00e3o operados por n\u00f3s. Esteja ciente de que n\u00e3o temos controle sobre o conte\u00fado e as pr\u00e1ticas desses sites e n\u00e3o podemos aceitar responsabilidade por suas respectivas pol\u00edticas de privacidade.<\/p>\n\n\n\n<p>Voc\u00ea tem a liberdade de recusar nossa solicita\u00e7\u00e3o de informa\u00e7\u00f5es pessoais, entendendo que isso pode nos impedir de fornecer alguns dos servi\u00e7os que voc\u00ea deseja.<\/p>\n\n\n\n<p>O uso continuado do nosso site ser\u00e1 considerado aceita\u00e7\u00e3o de nossas pr\u00e1ticas relacionadas \u00e0 privacidade e \u00e0s informa\u00e7\u00f5es pessoais.<br>Caso tenha alguma d\u00favida sobre como lidamos com dados do usu\u00e1rio e informa\u00e7\u00f5es pessoais, n\u00e3o hesite em entrar em contato conosco.<\/p>\n\n\n\n<hr class=\"wp-block-separator has-alpha-channel-opacity\" \/>\n\n\n\n<h2 class=\"wp-block-heading\"><strong>Pol\u00edtica de Cookies da innovation4world<\/strong><\/h2>\n\n\n\n<p>Esta \u00e9 a Pol\u00edtica de Cookies da <strong>innovation4world<\/strong><\/p>\n\n\n\n<h3 class=\"wp-block-heading\"><strong>O que s\u00e3o cookies?<\/strong><\/h3>\n\n\n\n<p>Como \u00e9 pr\u00e1tica comum em quase todos os sites profissionais, este site usa cookies, que s\u00e3o pequenos arquivos baixados no seu computador, para melhorar sua experi\u00eancia.<br>Esta p\u00e1gina descreve quais informa\u00e7\u00f5es eles coletam, como as usamos e por que \u00e0s vezes precisamos armazenar esses cookies.<br>Tamb\u00e9m explicamos como voc\u00ea pode evitar que eles sejam armazenados, embora isso possa afetar ou interromper certas funcionalidades do site.<\/p>\n\n\n\n<hr class=\"wp-block-separator has-alpha-channel-opacity\" \/>\n\n\n\n<h3 class=\"wp-block-heading\"><strong>Como usamos cookies<\/strong><\/h3>\n\n\n\n<p>Usamos cookies por v\u00e1rios motivos detalhados abaixo.<br>Infelizmente, na maioria dos casos, n\u00e3o h\u00e1 op\u00e7\u00f5es padr\u00e3o para desabilitar cookies sem afetar a funcionalidade e os recursos que eles oferecem.<br>Portanto, \u00e9 recomend\u00e1vel que voc\u00ea deixe todos os cookies ativados se n\u00e3o tiver certeza de que precisa deles, pois eles podem ser usados para fornecer um servi\u00e7o que voc\u00ea utiliza.<\/p>\n\n\n\n<hr class=\"wp-block-separator has-alpha-channel-opacity\" \/>\n\n\n\n<h3 class=\"wp-block-heading\"><strong>Desativar cookies<\/strong><\/h3>\n\n\n\n<p>Voc\u00ea pode impedir a instala\u00e7\u00e3o de cookies ajustando as configura\u00e7\u00f5es do seu navegador (consulte a se\u00e7\u00e3o de ajuda do seu navegador para saber como fazer isso).<br>Observe que a desativa\u00e7\u00e3o de cookies afetar\u00e1 a funcionalidade deste e de muitos outros sites que voc\u00ea visita.<br>Desabilitar cookies geralmente tamb\u00e9m desabilitar\u00e1 certas funcionalidades ou recursos do site.<br>Portanto, \u00e9 recomend\u00e1vel n\u00e3o desativ\u00e1-los.<\/p>\n\n\n\n<hr class=\"wp-block-separator has-alpha-channel-opacity\" \/>\n\n\n\n<h3 class=\"wp-block-heading\"><strong>Cookies que instalamos<\/strong><\/h3>\n\n\n\n<p><strong>Cookies relacionados \u00e0 conta:<\/strong><br>Ao criar uma conta conosco, usaremos cookies para gerenciar o processo de cadastro e a administra\u00e7\u00e3o geral. Esses cookies geralmente s\u00e3o exclu\u00eddos quando voc\u00ea sai, embora em alguns casos possam permanecer para lembrar suas prefer\u00eancias.<\/p>\n\n\n\n<p><strong>Cookies de sess\u00e3o:<\/strong><br>Utilizamos cookies quando voc\u00ea efetua login para lembrar disso. Dessa forma, voc\u00ea n\u00e3o precisa efetuar login sempre que visitar uma nova p\u00e1gina. Esses cookies s\u00e3o exclu\u00eddos ou limpos quando voc\u00ea efetua logout para garantir que voc\u00ea s\u00f3 possa acessar recursos restritos enquanto estiver conectado.<\/p>\n\n\n\n<p><strong>Cookies de newsletter:<\/strong><br>Este site oferece servi\u00e7os de assinatura de newsletter ou e-mail e pode usar cookies para lembrar se voc\u00ea j\u00e1 est\u00e1 registrado e se deve mostrar determinadas notifica\u00e7\u00f5es, v\u00e1lidas apenas para usu\u00e1rios inscritos ou n\u00e3o.<\/p>\n\n\n\n<p><strong>Cookies de processamento de pedidos:<\/strong><br>Este site oferece recursos de com\u00e9rcio eletr\u00f4nico ou pagamento, e alguns cookies s\u00e3o essenciais para lembrar seus pedidos entre as p\u00e1ginas e process\u00e1-los corretamente.<\/p>\n\n\n\n<p><strong>Cookies de pesquisa:<\/strong><br>Ocasionalmente, realizamos pesquisas ou question\u00e1rios para fornecer informa\u00e7\u00f5es \u00fateis ou para entender melhor nossos usu\u00e1rios. Esses cookies podem lembrar quem j\u00e1 participou ou mostrar resultados precisos ao alterar as p\u00e1ginas.<\/p>\n\n\n\n<p><strong>Formul\u00e1rios de cookies:<\/strong><br>Quando voc\u00ea envia dados por meio de um formul\u00e1rio (como aqueles encontrados nas p\u00e1ginas de contato ou coment\u00e1rios), cookies podem ser configurados para lembrar seus detalhes de usu\u00e1rio para correspond\u00eancia futura.<\/p>\n\n\n\n<p><strong>Cookies de prefer\u00eancia do site:<\/strong><br>Para lhe proporcionar uma melhor experi\u00eancia, oferecemos a op\u00e7\u00e3o de configurar as suas prefer\u00eancias de funcionamento do site. Esses cookies armazenam as suas configura\u00e7\u00f5es para que o site se adapte \u00e0s suas necessidades sempre que o visita.<\/p>\n\n\n\n<hr class=\"wp-block-separator has-alpha-channel-opacity\" \/>\n\n\n\n<h3 class=\"wp-block-heading\"><strong>Cookies de terceiros<\/strong><\/h3>\n\n\n\n<p>Em alguns casos especiais, tamb\u00e9m usamos cookies fornecidos por terceiros confi\u00e1veis.<\/p>\n\n\n\n<p><strong>Google Analytics:<\/strong><br>Este site usa o Google Analytics, uma das ferramentas de an\u00e1lise mais reconhecidas que nos ajuda a entender como voc\u00ea usa o site e como podemos melhorar sua experi\u00eancia.<br>Esses cookies podem rastrear quanto tempo voc\u00ea passa no site e as p\u00e1ginas que voc\u00ea visita para que possamos continuar criando conte\u00fado envolvente.<br>Para mais informa\u00e7\u00f5es sobre os cookies do Google Analytics, visite a p\u00e1gina oficial do Google Analytics.<\/p>\n\n\n\n<p><strong>An\u00e1lise de terceiros:<\/strong><br>Eles s\u00e3o usados para medir e rastrear o uso do site a fim de melhorar continuamente o conte\u00fado e a funcionalidade.<br>Os cookies podem registrar o tempo que voc\u00ea passa no site e as p\u00e1ginas que voc\u00ea visita.<\/p>\n\n\n\n<p><strong>Testes e melhorias:<\/strong><br>\u00c0s vezes testamos novos recursos e fazemos pequenas altera\u00e7\u00f5es na maneira como o site \u00e9 entregue.<br>Durante esses testes, cookies s\u00e3o usados para garantir uma experi\u00eancia consistente e nos ajudar a entender quais otimiza\u00e7\u00f5es os usu\u00e1rios preferem.<\/p>\n\n\n\n<p><strong>Comprar cookies:<\/strong><br>Como vendemos produtos, \u00e9 importante saber estat\u00edsticas sobre quantos visitantes realmente fazem uma compra.<br>Isso nos ajuda a fazer previs\u00f5es comerciais precisas e controlar os custos de publicidade e produtos para lhe oferecer o melhor pre\u00e7o poss\u00edvel.<\/p>\n\n\n\n<p><strong>Bot\u00f5es e plugins de m\u00eddia social:<\/strong><br>Usamos bot\u00f5es ou plugins que permitem que voc\u00ea se conecte com suas redes sociais.<br>Essas redes podem instalar cookies por meio do nosso site para melhorar seu perfil ou coletar dados para os fins descritos em suas pol\u00edticas de privacidade.<\/p>\n\n\n\n<hr class=\"wp-block-separator has-alpha-channel-opacity\" \/>\n\n\n\n<h2 class=\"wp-block-heading\"><strong>Publicidade (Google AdSense) e suas op\u00e7\u00f5es<\/strong><\/h2>\n\n\n\n<p>Este site utiliza o Google AdSense para exibir an\u00fancios. O Google e seus parceiros podem usar cookies ou outras tecnologias para exibir, medir e personalizar an\u00fancios com base nas suas visitas a este e outros sites.<\/p>\n\n\n\n<p>Para obter mais informa\u00e7\u00f5es sobre como o Google usa os dados de sites e apps que utilizam seus servi\u00e7os, acesse:<br><a href=\"https:\/\/policies.google.com\/technologies\/partner-sites\">https:\/\/policies.google.com\/technologies\/partner-sites<\/a><\/p>\n\n\n\n<p><strong>Desativar an\u00fancios personalizados:<\/strong><br>Voc\u00ea pode desativar os an\u00fancios personalizados do Google acessando suas Configura\u00e7\u00f5es de an\u00fancios (Meu Centro de An\u00fancios).<\/p>\n\n\n\n<p>Voc\u00ea tamb\u00e9m pode desativar a publicidade baseada em interesses de muitos outros fornecedores de an\u00fancios visitando [link para a p\u00e1gina de desativa\u00e7\u00e3o de an\u00fancios]. <a href=\"https:\/\/optout.aboutads.info\/\">AboutAds.info\/escolhas.<\/a><\/p>\n\n\n\n<p><strong>Observa\u00e7\u00e3o:<\/strong> Mesmo se voc\u00ea desativar a personaliza\u00e7\u00e3o, voc\u00ea ainda ver\u00e1 an\u00fancios, mas eles podem ser menos relevantes para seus interesses.<\/p>\n\n\n\n<hr class=\"wp-block-separator has-alpha-channel-opacity\" \/>\n\n\n\n<h3 class=\"wp-block-heading\"><strong>Mais informa\u00e7\u00f5es<\/strong><\/h3>\n\n\n\n<p>Esperamos que esta explica\u00e7\u00e3o tenha esclarecido suas d\u00favidas.<br>Como mencionamos anteriormente, se voc\u00ea n\u00e3o tiver certeza se precisa de cookies, \u00e9 mais seguro deix\u00e1-los ativados para garantir que o site funcione corretamente.<\/p>\n\n\n\n<p><strong>Esta pol\u00edtica entra em vigor em outubro de 2025.<\/strong><\/p>","protected":false},"excerpt":{"rendered":"<p>Tu privacidad es importante para nosotros. Es pol\u00edtica de innovation4world respetar tu privacidad con respecto a cualquier informaci\u00f3n que podamos recopilar de ti en nuestro sitio web, innovation4world, y en otros sitios que poseemos y operamos. Solo solicitamos informaci\u00f3n personal cuando realmente la necesitamos para ofrecerte un servicio. La recopilamos por medios justos y legales, [&hellip;]<\/p>","protected":false},"author":76,"featured_media":365,"parent":0,"menu_order":0,"comment_status":"closed","ping_status":"closed","template":"","meta":{"footnotes":""},"yoast_head":"<!-- This site is optimized with the Yoast SEO Premium plugin v18.7 (Yoast SEO v23.3) - https:\/\/yoast.com\/wordpress\/plugins\/seo\/ -->\n<title>Pol\u00edtica de Privacidad - innovation4world<\/title>\n<meta name=\"robots\" content=\"index, follow, max-snippet:-1, max-image-preview:large, max-video-preview:-1\" \/>\n<link rel=\"canonical\" href=\"http:\/\/innovation4world.com\/pt\/privacidad\/\" \/>\n<meta property=\"og:locale\" content=\"pt_BR\" \/>\n<meta property=\"og:type\" content=\"article\" \/>\n<meta property=\"og:title\" content=\"Pol\u00edtica de Privacidad\" \/>\n<meta property=\"og:description\" content=\"Tu privacidad es importante para nosotros. Es pol\u00edtica de innovation4world respetar tu privacidad con respecto a cualquier informaci\u00f3n que podamos recopilar de ti en nuestro sitio web, innovation4world, y en otros sitios que poseemos y operamos. Solo solicitamos informaci\u00f3n personal cuando realmente la necesitamos para ofrecerte un servicio. La recopilamos por medios justos y legales, [&hellip;]\" \/>\n<meta property=\"og:url\" content=\"http:\/\/innovation4world.com\/pt\/privacidad\/\" \/>\n<meta property=\"og:site_name\" content=\"innovation4world\" \/>\n<meta property=\"article:modified_time\" content=\"2026-02-11T16:28:33+00:00\" \/>\n<meta property=\"og:image\" content=\"https:\/\/innovation4world.com\/wp-content\/uploads\/sites\/76\/2023\/09\/Cookie-Policy.png\" \/>\n\t<meta property=\"og:image:width\" content=\"1280\" \/>\n\t<meta property=\"og:image:height\" content=\"720\" \/>\n\t<meta property=\"og:image:type\" content=\"image\/png\" \/>\n<meta name=\"twitter:card\" content=\"summary_large_image\" \/>\n<meta name=\"twitter:label1\" content=\"Est. reading time\" \/>\n\t<meta name=\"twitter:data1\" content=\"6 minutos\" \/>\n<script type=\"application\/ld+json\" class=\"yoast-schema-graph\">{\"@context\":\"https:\/\/schema.org\",\"@graph\":[{\"@type\":\"WebPage\",\"@id\":\"https:\/\/innovation4world.com\/privacidad\/\",\"url\":\"https:\/\/innovation4world.com\/privacidad\/\",\"name\":\"Pol\u00edtica de Privacidad - innovation4world\",\"isPartOf\":{\"@id\":\"https:\/\/innovation4world.com\/en\/#website\"},\"primaryImageOfPage\":{\"@id\":\"https:\/\/innovation4world.com\/privacidad\/#primaryimage\"},\"image\":{\"@id\":\"https:\/\/innovation4world.com\/privacidad\/#primaryimage\"},\"thumbnailUrl\":\"http:\/\/innovation4world.com\/wp-content\/uploads\/sites\/76\/2023\/09\/Cookie-Policy.png\",\"datePublished\":\"2023-09-11T03:11:37+00:00\",\"dateModified\":\"2026-02-11T16:28:33+00:00\",\"breadcrumb\":{\"@id\":\"https:\/\/innovation4world.com\/privacidad\/#breadcrumb\"},\"inLanguage\":\"pt-BR\",\"potentialAction\":[{\"@type\":\"ReadAction\",\"target\":[\"https:\/\/innovation4world.com\/privacidad\/\"]}]},{\"@type\":\"ImageObject\",\"inLanguage\":\"pt-BR\",\"@id\":\"https:\/\/innovation4world.com\/privacidad\/#primaryimage\",\"url\":\"http:\/\/innovation4world.com\/wp-content\/uploads\/sites\/76\/2023\/09\/Cookie-Policy.png\",\"contentUrl\":\"http:\/\/innovation4world.com\/wp-content\/uploads\/sites\/76\/2023\/09\/Cookie-Policy.png\",\"width\":1280,\"height\":720,\"caption\":\"Cookie Policy\"},{\"@type\":\"BreadcrumbList\",\"@id\":\"https:\/\/innovation4world.com\/privacidad\/#breadcrumb\",\"itemListElement\":[{\"@type\":\"ListItem\",\"position\":1,\"name\":\"Home\",\"item\":\"https:\/\/innovation4world.com\/en\/\"},{\"@type\":\"ListItem\",\"position\":2,\"name\":\"Pol\u00edtica de Privacidad\"}]},{\"@type\":\"WebSite\",\"@id\":\"https:\/\/innovation4world.com\/en\/#website\",\"url\":\"https:\/\/innovation4world.com\/en\/\",\"name\":\"innovation4world\",\"description\":\"\",\"publisher\":{\"@id\":\"https:\/\/innovation4world.com\/en\/#organization\"},\"potentialAction\":[{\"@type\":\"SearchAction\",\"target\":{\"@type\":\"EntryPoint\",\"urlTemplate\":\"https:\/\/innovation4world.com\/en\/?s={search_term_string}\"},\"query-input\":\"required name=search_term_string\"}],\"inLanguage\":\"pt-BR\"},{\"@type\":\"Organization\",\"@id\":\"https:\/\/innovation4world.com\/en\/#organization\",\"name\":\"innovation4world\",\"url\":\"https:\/\/innovation4world.com\/en\/\",\"logo\":{\"@type\":\"ImageObject\",\"inLanguage\":\"pt-BR\",\"@id\":\"https:\/\/innovation4world.com\/en\/#\/schema\/logo\/image\/\",\"url\":\"http:\/\/innovation4world.com\/wp-content\/uploads\/sites\/76\/2024\/05\/cropped-cropped-4-word-1.png\",\"contentUrl\":\"http:\/\/innovation4world.com\/wp-content\/uploads\/sites\/76\/2024\/05\/cropped-cropped-4-word-1.png\",\"width\":412,\"height\":417,\"caption\":\"innovation4world\"},\"image\":{\"@id\":\"https:\/\/innovation4world.com\/en\/#\/schema\/logo\/image\/\"}}]}<\/script>\n<!-- \/ Yoast SEO Premium plugin. -->","yoast_head_json":{"title":"Pol\u00edtica de Privacidad - innovation4world","robots":{"index":"index","follow":"follow","max-snippet":"max-snippet:-1","max-image-preview":"max-image-preview:large","max-video-preview":"max-video-preview:-1"},"canonical":"http:\/\/innovation4world.com\/pt\/privacidad\/","og_locale":"pt_BR","og_type":"article","og_title":"Pol\u00edtica de Privacidad","og_description":"Tu privacidad es importante para nosotros. Es pol\u00edtica de innovation4world respetar tu privacidad con respecto a cualquier informaci\u00f3n que podamos recopilar de ti en nuestro sitio web, innovation4world, y en otros sitios que poseemos y operamos. Solo solicitamos informaci\u00f3n personal cuando realmente la necesitamos para ofrecerte un servicio. La recopilamos por medios justos y legales, [&hellip;]","og_url":"http:\/\/innovation4world.com\/pt\/privacidad\/","og_site_name":"innovation4world","article_modified_time":"2026-02-11T16:28:33+00:00","og_image":[{"width":1280,"height":720,"url":"https:\/\/innovation4world.com\/wp-content\/uploads\/sites\/76\/2023\/09\/Cookie-Policy.png","type":"image\/png"}],"twitter_card":"summary_large_image","twitter_misc":{"Est. reading time":"6 minutos"},"schema":{"@context":"https:\/\/schema.org","@graph":[{"@type":"WebPage","@id":"https:\/\/innovation4world.com\/privacidad\/","url":"https:\/\/innovation4world.com\/privacidad\/","name":"Pol\u00edtica de Privacidad - innovation4world","isPartOf":{"@id":"https:\/\/innovation4world.com\/en\/#website"},"primaryImageOfPage":{"@id":"https:\/\/innovation4world.com\/privacidad\/#primaryimage"},"image":{"@id":"https:\/\/innovation4world.com\/privacidad\/#primaryimage"},"thumbnailUrl":"http:\/\/innovation4world.com\/wp-content\/uploads\/sites\/76\/2023\/09\/Cookie-Policy.png","datePublished":"2023-09-11T03:11:37+00:00","dateModified":"2026-02-11T16:28:33+00:00","breadcrumb":{"@id":"https:\/\/innovation4world.com\/privacidad\/#breadcrumb"},"inLanguage":"pt-BR","potentialAction":[{"@type":"ReadAction","target":["https:\/\/innovation4world.com\/privacidad\/"]}]},{"@type":"ImageObject","inLanguage":"pt-BR","@id":"https:\/\/innovation4world.com\/privacidad\/#primaryimage","url":"http:\/\/innovation4world.com\/wp-content\/uploads\/sites\/76\/2023\/09\/Cookie-Policy.png","contentUrl":"http:\/\/innovation4world.com\/wp-content\/uploads\/sites\/76\/2023\/09\/Cookie-Policy.png","width":1280,"height":720,"caption":"Cookie Policy"},{"@type":"BreadcrumbList","@id":"https:\/\/innovation4world.com\/privacidad\/#breadcrumb","itemListElement":[{"@type":"ListItem","position":1,"name":"Home","item":"https:\/\/innovation4world.com\/en\/"},{"@type":"ListItem","position":2,"name":"Pol\u00edtica de Privacidad"}]},{"@type":"WebSite","@id":"https:\/\/innovation4world.com\/en\/#website","url":"https:\/\/innovation4world.com\/en\/","name":"innovation4world","description":"","publisher":{"@id":"https:\/\/innovation4world.com\/en\/#organization"},"potentialAction":[{"@type":"SearchAction","target":{"@type":"EntryPoint","urlTemplate":"https:\/\/innovation4world.com\/en\/?s={search_term_string}"},"query-input":"required name=search_term_string"}],"inLanguage":"pt-BR"},{"@type":"Organization","@id":"https:\/\/innovation4world.com\/en\/#organization","name":"innovation4world","url":"https:\/\/innovation4world.com\/en\/","logo":{"@type":"ImageObject","inLanguage":"pt-BR","@id":"https:\/\/innovation4world.com\/en\/#\/schema\/logo\/image\/","url":"http:\/\/innovation4world.com\/wp-content\/uploads\/sites\/76\/2024\/05\/cropped-cropped-4-word-1.png","contentUrl":"http:\/\/innovation4world.com\/wp-content\/uploads\/sites\/76\/2024\/05\/cropped-cropped-4-word-1.png","width":412,"height":417,"caption":"innovation4world"},"image":{"@id":"https:\/\/innovation4world.com\/en\/#\/schema\/logo\/image\/"}}]}},"_links":{"self":[{"href":"http:\/\/innovation4world.com\/pt\/wp-json\/wp\/v2\/pages\/364"}],"collection":[{"href":"http:\/\/innovation4world.com\/pt\/wp-json\/wp\/v2\/pages"}],"about":[{"href":"http:\/\/innovation4world.com\/pt\/wp-json\/wp\/v2\/types\/page"}],"author":[{"embeddable":true,"href":"http:\/\/innovation4world.com\/pt\/wp-json\/wp\/v2\/users\/76"}],"replies":[{"embeddable":true,"href":"http:\/\/innovation4world.com\/pt\/wp-json\/wp\/v2\/comments?post=364"}],"version-history":[{"count":4,"href":"http:\/\/innovation4world.com\/pt\/wp-json\/wp\/v2\/pages\/364\/revisions"}],"predecessor-version":[{"id":17399,"href":"http:\/\/innovation4world.com\/pt\/wp-json\/wp\/v2\/pages\/364\/revisions\/17399"}],"wp:featuredmedia":[{"embeddable":true,"href":"http:\/\/innovation4world.com\/pt\/wp-json\/wp\/v2\/media\/365"}],"wp:attachment":[{"href":"http:\/\/innovation4world.com\/pt\/wp-json\/wp\/v2\/media?parent=364"}],"curies":[{"name":"wp","href":"https:\/\/api.w.org\/{rel}","templated":true}]}}