    {"id":20,"date":"2023-08-30T13:44:15","date_gmt":"2023-08-30T16:44:15","guid":{"rendered":"https:\/\/innovation4world.com\/?page_id=20"},"modified":"2024-10-09T20:57:32","modified_gmt":"2024-10-09T20:57:32","slug":"responsabilidad","status":"publish","type":"page","link":"http:\/\/innovation4world.com\/pt\/responsabilidad\/","title":{"rendered":"Responsabilidade"},"content":{"rendered":"<h4><\/h4>\n<p>Bem-vindo ao Inova\u00e7\u00e3o 4 Mundo. Por favor, leia atentamente o seguinte aviso antes de usar nosso site:<\/p>\n<p><strong>Precis\u00e3o e confiabilidade do conte\u00fado:<\/strong><\/p>\n<p>O conte\u00fado do Innovation 4 World \u00e9 apenas para fins informativos. Embora nos esforcemos para garantir a precis\u00e3o e confiabilidade das informa\u00e7\u00f5es fornecidas, n\u00e3o fazemos representa\u00e7\u00f5es ou garantias, expressas ou impl\u00edcitas, sobre a integridade, precis\u00e3o, confiabilidade, adequa\u00e7\u00e3o ou disponibilidade do site ou das informa\u00e7\u00f5es, produtos, servi\u00e7os ou imagens relacionadas contidas. no site para qualquer finalidade. Portanto, qualquer confian\u00e7a que voc\u00ea deposite nessas informa\u00e7\u00f5es \u00e9 por sua conta e risco.<\/p>\n<p><strong>Conselho Profissional:<\/strong><\/p>\n<p>As informa\u00e7\u00f5es contidas no Innovation 4 World n\u00e3o se destinam a substituir o aconselhamento profissional. O conte\u00fado relacionado a aplicativos e sites interessantes e \u00fateis para todos os entusiastas da tecnologia e interessados nas tend\u00eancias globais \u00e9 projetado para fornecer orienta\u00e7\u00e3o e conhecimento geral. Para obter aconselhamento personalizado adaptado \u00e0 sua situa\u00e7\u00e3o espec\u00edfica, dever\u00e1 contactar um profissional ou especialista relevante.<\/p>\n<p><strong>Responsabilidades do usu\u00e1rio:<\/strong><\/p>\n<p>Embora nos esforcemos para manter o site funcionando sem problemas, a Innovation 4 World n\u00e3o se responsabiliza pela indisponibilidade tempor\u00e1ria do site devido a problemas t\u00e9cnicos fora do nosso controle.<\/p>\n<p><strong>Links externos:<\/strong><\/p>\n<p>Nosso site pode conter links para sites externos que n\u00e3o s\u00e3o fornecidos ou mantidos por n\u00f3s. A Innovation 4 World n\u00e3o garante a exatid\u00e3o, relev\u00e2ncia, atualidade ou integridade de qualquer informa\u00e7\u00e3o nesses sites externos.<\/p>\n<p><strong>Contate-nos:<\/strong><\/p>\n<p>Se voc\u00ea tiver alguma d\u00favida ou coment\u00e1rio sobre esta isen\u00e7\u00e3o de responsabilidade, entre em contato conosco pelo e-mail <a rel=\"noopener\">contact@innovation4world.com<\/a>.<\/p>\n<p>Ao usar o Innovation 4 World, voc\u00ea aceita e concorda com os termos deste aviso legal. Reservamo-nos o direito de alterar estes termos a qualquer momento. Obrigado pela sua compreens\u00e3o e por ser um membro valioso da comunidade Innovation 4 World.<\/p>\n<h4><\/h4>\n<h4><\/h4>","protected":false},"excerpt":{"rendered":"<p>Bem-vindo(a) \u00e0 Innovation 4 World. Leia atentamente o seguinte aviso legal antes de usar nosso site: Precis\u00e3o e Confiabilidade do Conte\u00fado: O conte\u00fado da Innovation 4 World tem car\u00e1ter meramente informativo. Embora nos esforcemos para garantir a precis\u00e3o e a confiabilidade das informa\u00e7\u00f5es fornecidas, n\u00e3o fazemos nenhuma declara\u00e7\u00e3o ou garantia, expressa ou impl\u00edcita, [\u2026]<\/p>","protected":false},"author":76,"featured_media":359,"parent":0,"menu_order":0,"comment_status":"closed","ping_status":"closed","template":"page-nosidebar.php","meta":{"footnotes":""},"yoast_head":"<!-- This site is optimized with the Yoast SEO Premium plugin v18.7 (Yoast SEO v23.3) - https:\/\/yoast.com\/wordpress\/plugins\/seo\/ -->\n<title>Responsabilidad - innovation4world<\/title>\n<meta name=\"robots\" content=\"index, follow, max-snippet:-1, max-image-preview:large, max-video-preview:-1\" \/>\n<link rel=\"canonical\" href=\"http:\/\/innovation4world.com\/pt\/responsabilidad\/\" \/>\n<meta property=\"og:locale\" content=\"pt_BR\" \/>\n<meta property=\"og:type\" content=\"article\" \/>\n<meta property=\"og:title\" content=\"Responsabilidad\" \/>\n<meta property=\"og:description\" content=\"Bienvenido a Innovation 4 World. Por favor, lee atentamente el siguiente descargo de responsabilidad antes de usar nuestro sitio web: Precisi\u00f3n y Fiabilidad del Contenido: El contenido de Innovation 4 World es solo para fines informativos. Aunque nos esforzamos por garantizar la precisi\u00f3n y fiabilidad de la informaci\u00f3n proporcionada, no hacemos representaciones ni garant\u00edas, expresas [&hellip;]\" \/>\n<meta property=\"og:url\" content=\"http:\/\/innovation4world.com\/pt\/responsabilidad\/\" \/>\n<meta property=\"og:site_name\" content=\"innovation4world\" \/>\n<meta property=\"article:modified_time\" content=\"2024-10-09T20:57:32+00:00\" \/>\n<meta property=\"og:image\" content=\"https:\/\/innovation4world.com\/wp-content\/uploads\/sites\/76\/2023\/09\/DISCLAIMER-1.png\" \/>\n\t<meta property=\"og:image:width\" content=\"1280\" \/>\n\t<meta property=\"og:image:height\" content=\"720\" \/>\n\t<meta property=\"og:image:type\" content=\"image\/png\" \/>\n<meta name=\"twitter:card\" content=\"summary_large_image\" \/>\n<meta name=\"twitter:label1\" content=\"Est. reading time\" \/>\n\t<meta name=\"twitter:data1\" content=\"2 minutos\" \/>\n<script type=\"application\/ld+json\" class=\"yoast-schema-graph\">{\"@context\":\"https:\/\/schema.org\",\"@graph\":[{\"@type\":\"WebPage\",\"@id\":\"https:\/\/innovation4world.com\/responsabilidad\/\",\"url\":\"https:\/\/innovation4world.com\/responsabilidad\/\",\"name\":\"Responsabilidad - innovation4world\",\"isPartOf\":{\"@id\":\"https:\/\/innovation4world.com\/#website\"},\"primaryImageOfPage\":{\"@id\":\"https:\/\/innovation4world.com\/responsabilidad\/#primaryimage\"},\"image\":{\"@id\":\"https:\/\/innovation4world.com\/responsabilidad\/#primaryimage\"},\"thumbnailUrl\":\"http:\/\/innovation4world.com\/wp-content\/uploads\/sites\/76\/2023\/09\/DISCLAIMER-1.png\",\"datePublished\":\"2023-08-30T16:44:15+00:00\",\"dateModified\":\"2024-10-09T20:57:32+00:00\",\"breadcrumb\":{\"@id\":\"https:\/\/innovation4world.com\/responsabilidad\/#breadcrumb\"},\"inLanguage\":\"pt-BR\",\"potentialAction\":[{\"@type\":\"ReadAction\",\"target\":[\"https:\/\/innovation4world.com\/responsabilidad\/\"]}]},{\"@type\":\"ImageObject\",\"inLanguage\":\"pt-BR\",\"@id\":\"https:\/\/innovation4world.com\/responsabilidad\/#primaryimage\",\"url\":\"http:\/\/innovation4world.com\/wp-content\/uploads\/sites\/76\/2023\/09\/DISCLAIMER-1.png\",\"contentUrl\":\"http:\/\/innovation4world.com\/wp-content\/uploads\/sites\/76\/2023\/09\/DISCLAIMER-1.png\",\"width\":1280,\"height\":720,\"caption\":\"Privacy Policy\"},{\"@type\":\"BreadcrumbList\",\"@id\":\"https:\/\/innovation4world.com\/responsabilidad\/#breadcrumb\",\"itemListElement\":[{\"@type\":\"ListItem\",\"position\":1,\"name\":\"Home\",\"item\":\"https:\/\/innovation4world.com\/\"},{\"@type\":\"ListItem\",\"position\":2,\"name\":\"Responsabilidad\"}]},{\"@type\":\"WebSite\",\"@id\":\"https:\/\/innovation4world.com\/#website\",\"url\":\"https:\/\/innovation4world.com\/\",\"name\":\"innovation4world\",\"description\":\"\",\"publisher\":{\"@id\":\"https:\/\/innovation4world.com\/#organization\"},\"potentialAction\":[{\"@type\":\"SearchAction\",\"target\":{\"@type\":\"EntryPoint\",\"urlTemplate\":\"https:\/\/innovation4world.com\/?s={search_term_string}\"},\"query-input\":\"required name=search_term_string\"}],\"inLanguage\":\"pt-BR\"},{\"@type\":\"Organization\",\"@id\":\"https:\/\/innovation4world.com\/#organization\",\"name\":\"innovation4world\",\"url\":\"https:\/\/innovation4world.com\/\",\"logo\":{\"@type\":\"ImageObject\",\"inLanguage\":\"pt-BR\",\"@id\":\"https:\/\/innovation4world.com\/#\/schema\/logo\/image\/\",\"url\":\"http:\/\/innovation4world.com\/wp-content\/uploads\/sites\/76\/2024\/05\/cropped-cropped-4-word-1.png\",\"contentUrl\":\"http:\/\/innovation4world.com\/wp-content\/uploads\/sites\/76\/2024\/05\/cropped-cropped-4-word-1.png\",\"width\":412,\"height\":417,\"caption\":\"innovation4world\"},\"image\":{\"@id\":\"https:\/\/innovation4world.com\/#\/schema\/logo\/image\/\"}}]}<\/script>\n<!-- \/ Yoast SEO Premium plugin. -->","yoast_head_json":{"title":"Responsabilidad - innovation4world","robots":{"index":"index","follow":"follow","max-snippet":"max-snippet:-1","max-image-preview":"max-image-preview:large","max-video-preview":"max-video-preview:-1"},"canonical":"http:\/\/innovation4world.com\/pt\/responsabilidad\/","og_locale":"pt_BR","og_type":"article","og_title":"Responsabilidad","og_description":"Bienvenido a Innovation 4 World. Por favor, lee atentamente el siguiente descargo de responsabilidad antes de usar nuestro sitio web: Precisi\u00f3n y Fiabilidad del Contenido: El contenido de Innovation 4 World es solo para fines informativos. Aunque nos esforzamos por garantizar la precisi\u00f3n y fiabilidad de la informaci\u00f3n proporcionada, no hacemos representaciones ni garant\u00edas, expresas [&hellip;]","og_url":"http:\/\/innovation4world.com\/pt\/responsabilidad\/","og_site_name":"innovation4world","article_modified_time":"2024-10-09T20:57:32+00:00","og_image":[{"width":1280,"height":720,"url":"https:\/\/innovation4world.com\/wp-content\/uploads\/sites\/76\/2023\/09\/DISCLAIMER-1.png","type":"image\/png"}],"twitter_card":"summary_large_image","twitter_misc":{"Est. reading time":"2 minutos"},"schema":{"@context":"https:\/\/schema.org","@graph":[{"@type":"WebPage","@id":"https:\/\/innovation4world.com\/responsabilidad\/","url":"https:\/\/innovation4world.com\/responsabilidad\/","name":"Responsabilidad - innovation4world","isPartOf":{"@id":"https:\/\/innovation4world.com\/#website"},"primaryImageOfPage":{"@id":"https:\/\/innovation4world.com\/responsabilidad\/#primaryimage"},"image":{"@id":"https:\/\/innovation4world.com\/responsabilidad\/#primaryimage"},"thumbnailUrl":"http:\/\/innovation4world.com\/wp-content\/uploads\/sites\/76\/2023\/09\/DISCLAIMER-1.png","datePublished":"2023-08-30T16:44:15+00:00","dateModified":"2024-10-09T20:57:32+00:00","breadcrumb":{"@id":"https:\/\/innovation4world.com\/responsabilidad\/#breadcrumb"},"inLanguage":"pt-BR","potentialAction":[{"@type":"ReadAction","target":["https:\/\/innovation4world.com\/responsabilidad\/"]}]},{"@type":"ImageObject","inLanguage":"pt-BR","@id":"https:\/\/innovation4world.com\/responsabilidad\/#primaryimage","url":"http:\/\/innovation4world.com\/wp-content\/uploads\/sites\/76\/2023\/09\/DISCLAIMER-1.png","contentUrl":"http:\/\/innovation4world.com\/wp-content\/uploads\/sites\/76\/2023\/09\/DISCLAIMER-1.png","width":1280,"height":720,"caption":"Privacy Policy"},{"@type":"BreadcrumbList","@id":"https:\/\/innovation4world.com\/responsabilidad\/#breadcrumb","itemListElement":[{"@type":"ListItem","position":1,"name":"Home","item":"https:\/\/innovation4world.com\/"},{"@type":"ListItem","position":2,"name":"Responsabilidad"}]},{"@type":"WebSite","@id":"https:\/\/innovation4world.com\/#website","url":"https:\/\/innovation4world.com\/","name":"innovation4world","description":"","publisher":{"@id":"https:\/\/innovation4world.com\/#organization"},"potentialAction":[{"@type":"SearchAction","target":{"@type":"EntryPoint","urlTemplate":"https:\/\/innovation4world.com\/?s={search_term_string}"},"query-input":"required name=search_term_string"}],"inLanguage":"pt-BR"},{"@type":"Organization","@id":"https:\/\/innovation4world.com\/#organization","name":"innovation4world","url":"https:\/\/innovation4world.com\/","logo":{"@type":"ImageObject","inLanguage":"pt-BR","@id":"https:\/\/innovation4world.com\/#\/schema\/logo\/image\/","url":"http:\/\/innovation4world.com\/wp-content\/uploads\/sites\/76\/2024\/05\/cropped-cropped-4-word-1.png","contentUrl":"http:\/\/innovation4world.com\/wp-content\/uploads\/sites\/76\/2024\/05\/cropped-cropped-4-word-1.png","width":412,"height":417,"caption":"innovation4world"},"image":{"@id":"https:\/\/innovation4world.com\/#\/schema\/logo\/image\/"}}]}},"_links":{"self":[{"href":"http:\/\/innovation4world.com\/pt\/wp-json\/wp\/v2\/pages\/20"}],"collection":[{"href":"http:\/\/innovation4world.com\/pt\/wp-json\/wp\/v2\/pages"}],"about":[{"href":"http:\/\/innovation4world.com\/pt\/wp-json\/wp\/v2\/types\/page"}],"author":[{"embeddable":true,"href":"http:\/\/innovation4world.com\/pt\/wp-json\/wp\/v2\/users\/76"}],"replies":[{"embeddable":true,"href":"http:\/\/innovation4world.com\/pt\/wp-json\/wp\/v2\/comments?post=20"}],"version-history":[{"count":1,"href":"http:\/\/innovation4world.com\/pt\/wp-json\/wp\/v2\/pages\/20\/revisions"}],"predecessor-version":[{"id":12889,"href":"http:\/\/innovation4world.com\/pt\/wp-json\/wp\/v2\/pages\/20\/revisions\/12889"}],"wp:featuredmedia":[{"embeddable":true,"href":"http:\/\/innovation4world.com\/pt\/wp-json\/wp\/v2\/media\/359"}],"wp:attachment":[{"href":"http:\/\/innovation4world.com\/pt\/wp-json\/wp\/v2\/media?parent=20"}],"curies":[{"name":"wp","href":"https:\/\/api.w.org\/{rel}","templated":true}]}}