    {"id":20,"date":"2023-08-30T13:44:15","date_gmt":"2023-08-30T16:44:15","guid":{"rendered":"https:\/\/innovation4world.com\/?page_id=20"},"modified":"2024-10-09T20:57:32","modified_gmt":"2024-10-09T20:57:32","slug":"responsabilidad","status":"publish","type":"page","link":"http:\/\/innovation4world.com\/en\/responsabilidad\/","title":{"rendered":"Responsibility"},"content":{"rendered":"<h4><\/h4>\n<p>Welcome to Innovation 4 World. Please read the following disclaimer carefully before using our website:<\/p>\n<p><strong>Accuracy and Reliability of Content:<\/strong><\/p>\n<p>The content on Innovation 4 World is for informational purposes only. Whilst we endeavour to ensure the accuracy and reliability of the information provided, we make no representations or warranties, express or implied, about the completeness, accuracy, reliability, suitability or availability of the website or the information, products, services or related images contained on the website for any purpose. Any reliance you place on such information is therefore strictly at your own risk.<\/p>\n<p><strong>Professional Advice:<\/strong><\/p>\n<p>The information on Innovation 4 World is not intended to replace professional advice. The content relating to interesting and useful apps and websites for all technology enthusiasts and those interested in global trends is designed to provide general guidance and insight. For personal advice tailored to your specific situation, you should contact a relevant professional or expert.<\/p>\n<p><strong>User Responsibilities:<\/strong><\/p>\n<p>Whilst we endeavour to keep the website up and running smoothly, Innovation 4 World accepts no liability for temporary unavailability of the website due to technical issues beyond our control.<\/p>\n<p><strong>External Links:<\/strong><\/p>\n<p>Our website may contain links to external websites that are not provided or maintained by us. Innovation 4 World does not guarantee the accuracy, relevance, timeliness or completeness of any information on these external websites.<\/p>\n<p><strong>Contact us:<\/strong><\/p>\n<p>If you have any questions or comments about this disclaimer, please contact us at <a rel=\"noopener\">contact@innovation4world.com<\/a>.<\/p>\n<p>By using Innovation 4 World, you accept and agree to the terms of this disclaimer. We reserve the right to change these terms at any time. Thank you for your understanding and for being a valued member of the Innovation 4 World community.<\/p>\n<h4><\/h4>\n<h4><\/h4>","protected":false},"excerpt":{"rendered":"<p>Welcome to Innovation 4 World. Please read the following disclaimer carefully before using our website: Accuracy and Reliability of Content: The content on Innovation 4 World is for informational purposes only. While we strive to ensure the accuracy and reliability of the information provided, we make no representations or warranties, express or implied, as to the accuracy and reliability of the information provided.<\/p>","protected":false},"author":76,"featured_media":359,"parent":0,"menu_order":0,"comment_status":"closed","ping_status":"closed","template":"page-nosidebar.php","meta":{"footnotes":""},"yoast_head":"<!-- This site is optimized with the Yoast SEO Premium plugin v18.7 (Yoast SEO v23.3) - https:\/\/yoast.com\/wordpress\/plugins\/seo\/ -->\n<title>Responsabilidad - innovation4world<\/title>\n<meta name=\"robots\" content=\"index, follow, max-snippet:-1, max-image-preview:large, max-video-preview:-1\" \/>\n<link rel=\"canonical\" href=\"http:\/\/innovation4world.com\/en\/responsabilidad\/\" \/>\n<meta property=\"og:locale\" content=\"en_US\" \/>\n<meta property=\"og:type\" content=\"article\" \/>\n<meta property=\"og:title\" content=\"Responsabilidad\" \/>\n<meta property=\"og:description\" content=\"Bienvenido a Innovation 4 World. Por favor, lee atentamente el siguiente descargo de responsabilidad antes de usar nuestro sitio web: Precisi\u00f3n y Fiabilidad del Contenido: El contenido de Innovation 4 World es solo para fines informativos. Aunque nos esforzamos por garantizar la precisi\u00f3n y fiabilidad de la informaci\u00f3n proporcionada, no hacemos representaciones ni garant\u00edas, expresas [&hellip;]\" \/>\n<meta property=\"og:url\" content=\"http:\/\/innovation4world.com\/en\/responsabilidad\/\" \/>\n<meta property=\"og:site_name\" content=\"innovation4world\" \/>\n<meta property=\"article:modified_time\" content=\"2024-10-09T20:57:32+00:00\" \/>\n<meta property=\"og:image\" content=\"https:\/\/innovation4world.com\/wp-content\/uploads\/sites\/76\/2023\/09\/DISCLAIMER-1.png\" \/>\n\t<meta property=\"og:image:width\" content=\"1280\" \/>\n\t<meta property=\"og:image:height\" content=\"720\" \/>\n\t<meta property=\"og:image:type\" content=\"image\/png\" \/>\n<meta name=\"twitter:card\" content=\"summary_large_image\" \/>\n<meta name=\"twitter:label1\" content=\"Est. reading time\" \/>\n\t<meta name=\"twitter:data1\" content=\"2 minutes\" \/>\n<script type=\"application\/ld+json\" class=\"yoast-schema-graph\">{\"@context\":\"https:\/\/schema.org\",\"@graph\":[{\"@type\":\"WebPage\",\"@id\":\"https:\/\/innovation4world.com\/responsabilidad\/\",\"url\":\"https:\/\/innovation4world.com\/responsabilidad\/\",\"name\":\"Responsabilidad - innovation4world\",\"isPartOf\":{\"@id\":\"https:\/\/innovation4world.com\/#website\"},\"primaryImageOfPage\":{\"@id\":\"https:\/\/innovation4world.com\/responsabilidad\/#primaryimage\"},\"image\":{\"@id\":\"https:\/\/innovation4world.com\/responsabilidad\/#primaryimage\"},\"thumbnailUrl\":\"http:\/\/innovation4world.com\/wp-content\/uploads\/sites\/76\/2023\/09\/DISCLAIMER-1.png\",\"datePublished\":\"2023-08-30T16:44:15+00:00\",\"dateModified\":\"2024-10-09T20:57:32+00:00\",\"breadcrumb\":{\"@id\":\"https:\/\/innovation4world.com\/responsabilidad\/#breadcrumb\"},\"inLanguage\":\"en-US\",\"potentialAction\":[{\"@type\":\"ReadAction\",\"target\":[\"https:\/\/innovation4world.com\/responsabilidad\/\"]}]},{\"@type\":\"ImageObject\",\"inLanguage\":\"en-US\",\"@id\":\"https:\/\/innovation4world.com\/responsabilidad\/#primaryimage\",\"url\":\"http:\/\/innovation4world.com\/wp-content\/uploads\/sites\/76\/2023\/09\/DISCLAIMER-1.png\",\"contentUrl\":\"http:\/\/innovation4world.com\/wp-content\/uploads\/sites\/76\/2023\/09\/DISCLAIMER-1.png\",\"width\":1280,\"height\":720,\"caption\":\"Privacy Policy\"},{\"@type\":\"BreadcrumbList\",\"@id\":\"https:\/\/innovation4world.com\/responsabilidad\/#breadcrumb\",\"itemListElement\":[{\"@type\":\"ListItem\",\"position\":1,\"name\":\"Home\",\"item\":\"https:\/\/innovation4world.com\/\"},{\"@type\":\"ListItem\",\"position\":2,\"name\":\"Responsabilidad\"}]},{\"@type\":\"WebSite\",\"@id\":\"https:\/\/innovation4world.com\/#website\",\"url\":\"https:\/\/innovation4world.com\/\",\"name\":\"innovation4world\",\"description\":\"\",\"publisher\":{\"@id\":\"https:\/\/innovation4world.com\/#organization\"},\"potentialAction\":[{\"@type\":\"SearchAction\",\"target\":{\"@type\":\"EntryPoint\",\"urlTemplate\":\"https:\/\/innovation4world.com\/?s={search_term_string}\"},\"query-input\":\"required name=search_term_string\"}],\"inLanguage\":\"en-US\"},{\"@type\":\"Organization\",\"@id\":\"https:\/\/innovation4world.com\/#organization\",\"name\":\"innovation4world\",\"url\":\"https:\/\/innovation4world.com\/\",\"logo\":{\"@type\":\"ImageObject\",\"inLanguage\":\"en-US\",\"@id\":\"https:\/\/innovation4world.com\/#\/schema\/logo\/image\/\",\"url\":\"http:\/\/innovation4world.com\/wp-content\/uploads\/sites\/76\/2024\/05\/cropped-cropped-4-word-1.png\",\"contentUrl\":\"http:\/\/innovation4world.com\/wp-content\/uploads\/sites\/76\/2024\/05\/cropped-cropped-4-word-1.png\",\"width\":412,\"height\":417,\"caption\":\"innovation4world\"},\"image\":{\"@id\":\"https:\/\/innovation4world.com\/#\/schema\/logo\/image\/\"}}]}<\/script>\n<!-- \/ Yoast SEO Premium plugin. -->","yoast_head_json":{"title":"Responsabilidad - innovation4world","robots":{"index":"index","follow":"follow","max-snippet":"max-snippet:-1","max-image-preview":"max-image-preview:large","max-video-preview":"max-video-preview:-1"},"canonical":"http:\/\/innovation4world.com\/en\/responsabilidad\/","og_locale":"en_US","og_type":"article","og_title":"Responsabilidad","og_description":"Bienvenido a Innovation 4 World. Por favor, lee atentamente el siguiente descargo de responsabilidad antes de usar nuestro sitio web: Precisi\u00f3n y Fiabilidad del Contenido: El contenido de Innovation 4 World es solo para fines informativos. Aunque nos esforzamos por garantizar la precisi\u00f3n y fiabilidad de la informaci\u00f3n proporcionada, no hacemos representaciones ni garant\u00edas, expresas [&hellip;]","og_url":"http:\/\/innovation4world.com\/en\/responsabilidad\/","og_site_name":"innovation4world","article_modified_time":"2024-10-09T20:57:32+00:00","og_image":[{"width":1280,"height":720,"url":"https:\/\/innovation4world.com\/wp-content\/uploads\/sites\/76\/2023\/09\/DISCLAIMER-1.png","type":"image\/png"}],"twitter_card":"summary_large_image","twitter_misc":{"Est. reading time":"2 minutes"},"schema":{"@context":"https:\/\/schema.org","@graph":[{"@type":"WebPage","@id":"https:\/\/innovation4world.com\/responsabilidad\/","url":"https:\/\/innovation4world.com\/responsabilidad\/","name":"Responsabilidad - innovation4world","isPartOf":{"@id":"https:\/\/innovation4world.com\/#website"},"primaryImageOfPage":{"@id":"https:\/\/innovation4world.com\/responsabilidad\/#primaryimage"},"image":{"@id":"https:\/\/innovation4world.com\/responsabilidad\/#primaryimage"},"thumbnailUrl":"http:\/\/innovation4world.com\/wp-content\/uploads\/sites\/76\/2023\/09\/DISCLAIMER-1.png","datePublished":"2023-08-30T16:44:15+00:00","dateModified":"2024-10-09T20:57:32+00:00","breadcrumb":{"@id":"https:\/\/innovation4world.com\/responsabilidad\/#breadcrumb"},"inLanguage":"en-US","potentialAction":[{"@type":"ReadAction","target":["https:\/\/innovation4world.com\/responsabilidad\/"]}]},{"@type":"ImageObject","inLanguage":"en-US","@id":"https:\/\/innovation4world.com\/responsabilidad\/#primaryimage","url":"http:\/\/innovation4world.com\/wp-content\/uploads\/sites\/76\/2023\/09\/DISCLAIMER-1.png","contentUrl":"http:\/\/innovation4world.com\/wp-content\/uploads\/sites\/76\/2023\/09\/DISCLAIMER-1.png","width":1280,"height":720,"caption":"Privacy Policy"},{"@type":"BreadcrumbList","@id":"https:\/\/innovation4world.com\/responsabilidad\/#breadcrumb","itemListElement":[{"@type":"ListItem","position":1,"name":"Home","item":"https:\/\/innovation4world.com\/"},{"@type":"ListItem","position":2,"name":"Responsabilidad"}]},{"@type":"WebSite","@id":"https:\/\/innovation4world.com\/#website","url":"https:\/\/innovation4world.com\/","name":"innovation4world","description":"","publisher":{"@id":"https:\/\/innovation4world.com\/#organization"},"potentialAction":[{"@type":"SearchAction","target":{"@type":"EntryPoint","urlTemplate":"https:\/\/innovation4world.com\/?s={search_term_string}"},"query-input":"required name=search_term_string"}],"inLanguage":"en-US"},{"@type":"Organization","@id":"https:\/\/innovation4world.com\/#organization","name":"innovation4world","url":"https:\/\/innovation4world.com\/","logo":{"@type":"ImageObject","inLanguage":"en-US","@id":"https:\/\/innovation4world.com\/#\/schema\/logo\/image\/","url":"http:\/\/innovation4world.com\/wp-content\/uploads\/sites\/76\/2024\/05\/cropped-cropped-4-word-1.png","contentUrl":"http:\/\/innovation4world.com\/wp-content\/uploads\/sites\/76\/2024\/05\/cropped-cropped-4-word-1.png","width":412,"height":417,"caption":"innovation4world"},"image":{"@id":"https:\/\/innovation4world.com\/#\/schema\/logo\/image\/"}}]}},"_links":{"self":[{"href":"http:\/\/innovation4world.com\/en\/wp-json\/wp\/v2\/pages\/20"}],"collection":[{"href":"http:\/\/innovation4world.com\/en\/wp-json\/wp\/v2\/pages"}],"about":[{"href":"http:\/\/innovation4world.com\/en\/wp-json\/wp\/v2\/types\/page"}],"author":[{"embeddable":true,"href":"http:\/\/innovation4world.com\/en\/wp-json\/wp\/v2\/users\/76"}],"replies":[{"embeddable":true,"href":"http:\/\/innovation4world.com\/en\/wp-json\/wp\/v2\/comments?post=20"}],"version-history":[{"count":1,"href":"http:\/\/innovation4world.com\/en\/wp-json\/wp\/v2\/pages\/20\/revisions"}],"predecessor-version":[{"id":12889,"href":"http:\/\/innovation4world.com\/en\/wp-json\/wp\/v2\/pages\/20\/revisions\/12889"}],"wp:featuredmedia":[{"embeddable":true,"href":"http:\/\/innovation4world.com\/en\/wp-json\/wp\/v2\/media\/359"}],"wp:attachment":[{"href":"http:\/\/innovation4world.com\/en\/wp-json\/wp\/v2\/media?parent=20"}],"curies":[{"name":"wp","href":"https:\/\/api.w.org\/{rel}","templated":true}]}}