    {"id":17,"date":"2023-08-30T15:42:30","date_gmt":"2023-08-30T15:42:30","guid":{"rendered":"https:\/\/innovation4world.com\/?page_id=17"},"modified":"2024-10-09T20:54:13","modified_gmt":"2024-10-09T20:54:13","slug":"contacto","status":"publish","type":"page","link":"http:\/\/innovation4world.com\/en\/contacto\/","title":{"rendered":"Contact"},"content":{"rendered":"<p><strong>Contact us<\/strong><\/p>\n<p>Thank you for visiting Innovation 4 World, your go-to source for discovering interesting and useful apps and websites for everyone. We appreciate your questions, comments and requests. Please feel free to contact us using the following contact details, depending on your specific needs:<\/p>\n<p><strong>General Inquiries<\/strong>: For general questions or information about Innovation 4 World, please contact us at <a rel=\"noopener\">contact@innovation4world.com<\/a>We appreciate your attention and will do our best to respond as quickly as possible.<\/p>\n<p><strong>Content Issues<\/strong>: If you have any questions about our content or would like to contribute, please contact us at <strong><a rel=\"noopener\">c<\/a><\/strong><a rel=\"noopener\">ontato@innovation4world.com<\/a>We value your opinions and contributions to our community.<\/p>\n<p><strong>Technical Support<\/strong>: If you experience any technical issues while browsing our website, please contact our support team at <a rel=\"noopener\">contact@innovation4world.com<\/a>We are here to help you and make sure you have a smooth online experience.<\/p>\n<p><strong>Stay Connected<\/strong>: Innovation 4 World is a virtual space, but your participation and feedback make it a vibrant community. Although we don&#039;t have a physical location to visit, we are always online for you.<\/p>\n<p>Thank you for being part of the Innovation 4 World community. We look forward to hearing from you and continuing to support you on your journey to discover innovative digital tools.<\/p>\n<p>Kind regards,<\/p>\n<p>The Innovation 4 World team<\/p>","protected":false},"excerpt":{"rendered":"<p>Contact Us Thank you for visiting Innovation 4 World, your go-to source for discovering interesting and useful apps and websites for everyone. We appreciate your questions, comments and requests. Please feel free to contact us using the following contact details, depending on your specific needs: General Inquiries: For general questions or information about Innovation 4 World, please [\u2026]<\/p>","protected":false},"author":76,"featured_media":371,"parent":0,"menu_order":0,"comment_status":"closed","ping_status":"closed","template":"page-nosidebar.php","meta":{"footnotes":""},"yoast_head":"<!-- This site is optimized with the Yoast SEO Premium plugin v18.7 (Yoast SEO v23.3) - https:\/\/yoast.com\/wordpress\/plugins\/seo\/ -->\n<title>Contacto - innovation4world<\/title>\n<meta name=\"robots\" content=\"index, follow, max-snippet:-1, max-image-preview:large, max-video-preview:-1\" \/>\n<link rel=\"canonical\" href=\"http:\/\/innovation4world.com\/en\/contacto\/\" \/>\n<meta property=\"og:locale\" content=\"en_US\" \/>\n<meta property=\"og:type\" content=\"article\" \/>\n<meta property=\"og:title\" content=\"Contacto\" \/>\n<meta property=\"og:description\" content=\"Cont\u00e1ctanos Gracias por visitar Innovation 4 World, tu fuente de referencia para descubrir aplicaciones y sitios web interesantes y \u00fatiles para todos. Apreciamos tus preguntas, comentarios y solicitudes. No dudes en contactarnos utilizando los siguientes detalles de contacto, seg\u00fan tus necesidades espec\u00edficas: Consultas Generales: Para preguntas generales o informaci\u00f3n sobre Innovation 4 World, por favor [&hellip;]\" \/>\n<meta property=\"og:url\" content=\"http:\/\/innovation4world.com\/en\/contacto\/\" \/>\n<meta property=\"og:site_name\" content=\"innovation4world\" \/>\n<meta property=\"article:modified_time\" content=\"2024-10-09T20:54:13+00:00\" \/>\n<meta property=\"og:image\" content=\"https:\/\/innovation4world.com\/wp-content\/uploads\/sites\/76\/2023\/09\/Contact-Us.png\" \/>\n\t<meta property=\"og:image:width\" content=\"1280\" \/>\n\t<meta property=\"og:image:height\" content=\"720\" \/>\n\t<meta property=\"og:image:type\" content=\"image\/png\" \/>\n<meta name=\"twitter:card\" content=\"summary_large_image\" \/>\n<meta name=\"twitter:label1\" content=\"Est. reading time\" \/>\n\t<meta name=\"twitter:data1\" content=\"2 minutes\" \/>\n<script type=\"application\/ld+json\" class=\"yoast-schema-graph\">{\"@context\":\"https:\/\/schema.org\",\"@graph\":[{\"@type\":\"WebPage\",\"@id\":\"https:\/\/innovation4world.com\/contacto\/\",\"url\":\"https:\/\/innovation4world.com\/contacto\/\",\"name\":\"Contacto - innovation4world\",\"isPartOf\":{\"@id\":\"https:\/\/innovation4world.com\/en\/#website\"},\"primaryImageOfPage\":{\"@id\":\"https:\/\/innovation4world.com\/contacto\/#primaryimage\"},\"image\":{\"@id\":\"https:\/\/innovation4world.com\/contacto\/#primaryimage\"},\"thumbnailUrl\":\"http:\/\/innovation4world.com\/wp-content\/uploads\/sites\/76\/2023\/09\/Contact-Us.png\",\"datePublished\":\"2023-08-30T15:42:30+00:00\",\"dateModified\":\"2024-10-09T20:54:13+00:00\",\"breadcrumb\":{\"@id\":\"https:\/\/innovation4world.com\/contacto\/#breadcrumb\"},\"inLanguage\":\"en-US\",\"potentialAction\":[{\"@type\":\"ReadAction\",\"target\":[\"https:\/\/innovation4world.com\/contacto\/\"]}]},{\"@type\":\"ImageObject\",\"inLanguage\":\"en-US\",\"@id\":\"https:\/\/innovation4world.com\/contacto\/#primaryimage\",\"url\":\"http:\/\/innovation4world.com\/wp-content\/uploads\/sites\/76\/2023\/09\/Contact-Us.png\",\"contentUrl\":\"http:\/\/innovation4world.com\/wp-content\/uploads\/sites\/76\/2023\/09\/Contact-Us.png\",\"width\":1280,\"height\":720,\"caption\":\"Contact Us\"},{\"@type\":\"BreadcrumbList\",\"@id\":\"https:\/\/innovation4world.com\/contacto\/#breadcrumb\",\"itemListElement\":[{\"@type\":\"ListItem\",\"position\":1,\"name\":\"Home\",\"item\":\"https:\/\/innovation4world.com\/en\/\"},{\"@type\":\"ListItem\",\"position\":2,\"name\":\"Contacto\"}]},{\"@type\":\"WebSite\",\"@id\":\"https:\/\/innovation4world.com\/en\/#website\",\"url\":\"https:\/\/innovation4world.com\/en\/\",\"name\":\"innovation4world\",\"description\":\"\",\"publisher\":{\"@id\":\"https:\/\/innovation4world.com\/en\/#organization\"},\"potentialAction\":[{\"@type\":\"SearchAction\",\"target\":{\"@type\":\"EntryPoint\",\"urlTemplate\":\"https:\/\/innovation4world.com\/en\/?s={search_term_string}\"},\"query-input\":\"required name=search_term_string\"}],\"inLanguage\":\"en-US\"},{\"@type\":\"Organization\",\"@id\":\"https:\/\/innovation4world.com\/en\/#organization\",\"name\":\"innovation4world\",\"url\":\"https:\/\/innovation4world.com\/en\/\",\"logo\":{\"@type\":\"ImageObject\",\"inLanguage\":\"en-US\",\"@id\":\"https:\/\/innovation4world.com\/en\/#\/schema\/logo\/image\/\",\"url\":\"http:\/\/innovation4world.com\/wp-content\/uploads\/sites\/76\/2024\/05\/cropped-cropped-4-word-1.png\",\"contentUrl\":\"http:\/\/innovation4world.com\/wp-content\/uploads\/sites\/76\/2024\/05\/cropped-cropped-4-word-1.png\",\"width\":412,\"height\":417,\"caption\":\"innovation4world\"},\"image\":{\"@id\":\"https:\/\/innovation4world.com\/en\/#\/schema\/logo\/image\/\"}}]}<\/script>\n<!-- \/ Yoast SEO Premium plugin. -->","yoast_head_json":{"title":"Contacto - innovation4world","robots":{"index":"index","follow":"follow","max-snippet":"max-snippet:-1","max-image-preview":"max-image-preview:large","max-video-preview":"max-video-preview:-1"},"canonical":"http:\/\/innovation4world.com\/en\/contacto\/","og_locale":"en_US","og_type":"article","og_title":"Contacto","og_description":"Cont\u00e1ctanos Gracias por visitar Innovation 4 World, tu fuente de referencia para descubrir aplicaciones y sitios web interesantes y \u00fatiles para todos. Apreciamos tus preguntas, comentarios y solicitudes. No dudes en contactarnos utilizando los siguientes detalles de contacto, seg\u00fan tus necesidades espec\u00edficas: Consultas Generales: Para preguntas generales o informaci\u00f3n sobre Innovation 4 World, por favor [&hellip;]","og_url":"http:\/\/innovation4world.com\/en\/contacto\/","og_site_name":"innovation4world","article_modified_time":"2024-10-09T20:54:13+00:00","og_image":[{"width":1280,"height":720,"url":"https:\/\/innovation4world.com\/wp-content\/uploads\/sites\/76\/2023\/09\/Contact-Us.png","type":"image\/png"}],"twitter_card":"summary_large_image","twitter_misc":{"Est. reading time":"2 minutes"},"schema":{"@context":"https:\/\/schema.org","@graph":[{"@type":"WebPage","@id":"https:\/\/innovation4world.com\/contacto\/","url":"https:\/\/innovation4world.com\/contacto\/","name":"Contacto - innovation4world","isPartOf":{"@id":"https:\/\/innovation4world.com\/en\/#website"},"primaryImageOfPage":{"@id":"https:\/\/innovation4world.com\/contacto\/#primaryimage"},"image":{"@id":"https:\/\/innovation4world.com\/contacto\/#primaryimage"},"thumbnailUrl":"http:\/\/innovation4world.com\/wp-content\/uploads\/sites\/76\/2023\/09\/Contact-Us.png","datePublished":"2023-08-30T15:42:30+00:00","dateModified":"2024-10-09T20:54:13+00:00","breadcrumb":{"@id":"https:\/\/innovation4world.com\/contacto\/#breadcrumb"},"inLanguage":"en-US","potentialAction":[{"@type":"ReadAction","target":["https:\/\/innovation4world.com\/contacto\/"]}]},{"@type":"ImageObject","inLanguage":"en-US","@id":"https:\/\/innovation4world.com\/contacto\/#primaryimage","url":"http:\/\/innovation4world.com\/wp-content\/uploads\/sites\/76\/2023\/09\/Contact-Us.png","contentUrl":"http:\/\/innovation4world.com\/wp-content\/uploads\/sites\/76\/2023\/09\/Contact-Us.png","width":1280,"height":720,"caption":"Contact Us"},{"@type":"BreadcrumbList","@id":"https:\/\/innovation4world.com\/contacto\/#breadcrumb","itemListElement":[{"@type":"ListItem","position":1,"name":"Home","item":"https:\/\/innovation4world.com\/en\/"},{"@type":"ListItem","position":2,"name":"Contacto"}]},{"@type":"WebSite","@id":"https:\/\/innovation4world.com\/en\/#website","url":"https:\/\/innovation4world.com\/en\/","name":"innovation4world","description":"","publisher":{"@id":"https:\/\/innovation4world.com\/en\/#organization"},"potentialAction":[{"@type":"SearchAction","target":{"@type":"EntryPoint","urlTemplate":"https:\/\/innovation4world.com\/en\/?s={search_term_string}"},"query-input":"required name=search_term_string"}],"inLanguage":"en-US"},{"@type":"Organization","@id":"https:\/\/innovation4world.com\/en\/#organization","name":"innovation4world","url":"https:\/\/innovation4world.com\/en\/","logo":{"@type":"ImageObject","inLanguage":"en-US","@id":"https:\/\/innovation4world.com\/en\/#\/schema\/logo\/image\/","url":"http:\/\/innovation4world.com\/wp-content\/uploads\/sites\/76\/2024\/05\/cropped-cropped-4-word-1.png","contentUrl":"http:\/\/innovation4world.com\/wp-content\/uploads\/sites\/76\/2024\/05\/cropped-cropped-4-word-1.png","width":412,"height":417,"caption":"innovation4world"},"image":{"@id":"https:\/\/innovation4world.com\/en\/#\/schema\/logo\/image\/"}}]}},"_links":{"self":[{"href":"http:\/\/innovation4world.com\/en\/wp-json\/wp\/v2\/pages\/17"}],"collection":[{"href":"http:\/\/innovation4world.com\/en\/wp-json\/wp\/v2\/pages"}],"about":[{"href":"http:\/\/innovation4world.com\/en\/wp-json\/wp\/v2\/types\/page"}],"author":[{"embeddable":true,"href":"http:\/\/innovation4world.com\/en\/wp-json\/wp\/v2\/users\/76"}],"replies":[{"embeddable":true,"href":"http:\/\/innovation4world.com\/en\/wp-json\/wp\/v2\/comments?post=17"}],"version-history":[{"count":1,"href":"http:\/\/innovation4world.com\/en\/wp-json\/wp\/v2\/pages\/17\/revisions"}],"predecessor-version":[{"id":12886,"href":"http:\/\/innovation4world.com\/en\/wp-json\/wp\/v2\/pages\/17\/revisions\/12886"}],"wp:featuredmedia":[{"embeddable":true,"href":"http:\/\/innovation4world.com\/en\/wp-json\/wp\/v2\/media\/371"}],"wp:attachment":[{"href":"http:\/\/innovation4world.com\/en\/wp-json\/wp\/v2\/media?parent=17"}],"curies":[{"name":"wp","href":"https:\/\/api.w.org\/{rel}","templated":true}]}}